{"id":30,"date":"2017-02-02T19:32:56","date_gmt":"2017-02-02T18:32:56","guid":{"rendered":"https:\/\/www.keysforchange.be\/betaversion2017\/?page_id=30"},"modified":"2017-03-15T17:06:05","modified_gmt":"2017-03-15T16:06:05","slug":"traductions","status":"publish","type":"page","link":"https:\/\/www.keysforchange.be\/index.php\/traductions\/","title":{"rendered":"Traductions"},"content":{"rendered":"<p>[vc_row][vc_column][vc_empty_space height=&#8221;80px&#8221;][\/vc_column][\/vc_row][vc_row content_width=&#8221;grid&#8221;][vc_column]<div class=\"mkd-elements-holder mkd-responsive-mode-768\" ><div class=\"mkd-elements-holder-item mkd-width-1-2 mkd-vertical-alignment-middle mkd-horizontal-alignment-left\" data-item-class=\"mkd-elements-holder-custom-575199\" >\n\t<div class=\"mkd-elements-holder-item-inner\">\n\t\t<div\n\t\t\tclass=\"mkd-elements-holder-item-content mkd-elements-holder-custom-575199\" >\n\t\t\t<div class=\"mkd-elements-holder-item-content-inner\">\n\t\t\t\t<div class=\"mkd-bckg-slider-holder\">\n\t<div class=\"mkd-bckg-slider \">\n\t\t\n\t\t\t<div class=\"mkd-bckg-slider-item\" style=\"background-image:url(https:\/\/www.keysforchange.be\/wp-content\/uploads\/2017\/02\/traductions1.jpg)\">\n\t\t\t<\/div>\n\t\t\t<\/div>\n<\/div>\t\t\t<\/div>\n\t\t<\/div>\n\t<\/div>\n<\/div><div class=\"mkd-elements-holder-item mkd-width-1-2 mkd-vertical-alignment-middle mkd-horizontal-alignment-left\" data-item-class=\"mkd-elements-holder-custom-917301\" >\n\t<div class=\"mkd-elements-holder-item-inner\">\n\t\t<div\n\t\t\tclass=\"mkd-elements-holder-item-content mkd-elements-holder-custom-917301\" style=\"background-color: #79cde9;padding: 7% 10% 9%\">\n\t\t\t<div class=\"mkd-elements-holder-item-content-inner\">\n\t\t\t\t[vc_empty_space height=&#8221;50px&#8221;]<div class=\"mkd-section-title-holder\">\n\t<h2 class=\"mkd-section-title mkd-section-title-medium mkd-section-title-left\" style=\"color: #ffffff;text-align: left\">\n\t<span>\n\t\tTRADUCTIONS\t<\/span>\n<\/h2>\n<\/div>[vc_column_text]<span style=\"color: #ffffff;\">Vous l\u2019avez pens\u00e9 et \u00e9crit. Notre \u00e9quipe de sp\u00e9cialistes exp\u00e9riment\u00e9s traduit votre travail sans le trahir dans les principales langues europ\u00e9ennes.<\/span>[\/vc_column_text][vc_empty_space height=&#8221;50px&#8221;]\t\t\t<\/div>\n\t\t<\/div>\n\t<\/div>\n<\/div><\/div>[\/vc_column][\/vc_row][vc_row][vc_column][vc_empty_space height=&#8221;100px&#8221;][\/vc_column][\/vc_row]<\/p>\n","protected":false},"excerpt":{"rendered":"<p>[vc_row][vc_column][vc_empty_space height=&#8221;80px&#8221;][\/vc_column][\/vc_row][vc_row content_width=&#8221;grid&#8221;][vc_column][\/vc_column][\/vc_row][vc_row][vc_column][vc_empty_space height=&#8221;100px&#8221;][\/vc_column][\/vc_row]<\/p>\n","protected":false},"author":1,"featured_media":0,"parent":0,"menu_order":0,"comment_status":"closed","ping_status":"closed","template":"full-width.php","meta":{"footnotes":""},"class_list":["post-30","page","type-page","status-publish","hentry"],"_links":{"self":[{"href":"https:\/\/www.keysforchange.be\/index.php\/wp-json\/wp\/v2\/pages\/30","targetHints":{"allow":["GET"]}}],"collection":[{"href":"https:\/\/www.keysforchange.be\/index.php\/wp-json\/wp\/v2\/pages"}],"about":[{"href":"https:\/\/www.keysforchange.be\/index.php\/wp-json\/wp\/v2\/types\/page"}],"author":[{"embeddable":true,"href":"https:\/\/www.keysforchange.be\/index.php\/wp-json\/wp\/v2\/users\/1"}],"replies":[{"embeddable":true,"href":"https:\/\/www.keysforchange.be\/index.php\/wp-json\/wp\/v2\/comments?post=30"}],"version-history":[{"count":0,"href":"https:\/\/www.keysforchange.be\/index.php\/wp-json\/wp\/v2\/pages\/30\/revisions"}],"wp:attachment":[{"href":"https:\/\/www.keysforchange.be\/index.php\/wp-json\/wp\/v2\/media?parent=30"}],"curies":[{"name":"wp","href":"https:\/\/api.w.org\/{rel}","templated":true}]}}